{"id":5981,"date":"2024-09-07T09:33:43","date_gmt":"2024-09-07T09:33:43","guid":{"rendered":"https:\/\/watershop.fr\/?post_type=product&#038;p=5981"},"modified":"2025-12-17T20:39:28","modified_gmt":"2025-12-17T20:39:28","slug":"montarcher-la-source-eau-plate-pure-naturelle-bouteille-verre","status":"publish","type":"product","link":"https:\/\/watershop.fr\/en\/produit\/montarcher-la-source-eau-plate-pure-naturelle-bouteille-verre\/","title":{"rendered":"Montarcher La Source"},"content":{"rendered":"","protected":false},"excerpt":{"rendered":"<h3 class=\"kitify-post-title \">Montarcher La Source<\/h3>\n<ul>\n<li>1L x 6 bouteilles par carton<\/li>\n<li>70 cartons par palette<\/li>\n<li>33 palettes par conteneur<\/li>\n<li>33cl x 24 bouteilles par carton<\/li>\n<li>36 cartons par palette<\/li>\n<li>33 palettes par conteneur<\/li>\n<\/ul>\n","protected":false},"featured_media":7446,"template":"","meta":{"_acf_changed":false},"product_brand":[],"product_cat":[40,39],"product_tag":[],"berocket_brand":[345],"class_list":{"0":"post-5981","1":"product","2":"type-product","3":"status-publish","4":"has-post-thumbnail","6":"product_cat-eaux-petillantes","7":"product_cat-eaux-plates","8":"berocket_brand-montarcher","10":"first","11":"instock","12":"taxable","13":"shipping-taxable","14":"purchasable","15":"product-type-variable","16":"has-default-attributes"},"acf":[],"yoast_head":"<!-- This site is optimized with the Yoast SEO plugin v27.1.1 - https:\/\/yoast.com\/product\/yoast-seo-wordpress\/ -->\n<title>Montarcher la Source eau plate et gazeuse naturelle - Watershop<\/title>\n<meta name=\"description\" content=\"C&#039;est dans cet environnement exceptionnel que l&#039;eau de source de Montarcher est puis\u00e9e \u00e0 1100 m\u00e8tres d&#039;altitude, dans les Montagnes du Haut-Forez . Disponible chez Waterhop.\" \/>\n<meta name=\"robots\" content=\"index, follow, max-snippet:-1, max-image-preview:large, max-video-preview:-1\" \/>\n<link rel=\"canonical\" href=\"https:\/\/watershop.fr\/en\/produit\/montarcher-la-source-eau-plate-pure-naturelle-bouteille-verre\/\" \/>\n<meta property=\"og:locale\" content=\"en_US\" \/>\n<meta property=\"og:type\" content=\"article\" \/>\n<meta property=\"og:title\" content=\"Montarcher la Source eau plate et gazeuse naturelle - Watershop\" \/>\n<meta property=\"og:description\" content=\"C&#039;est dans cet environnement exceptionnel que l&#039;eau de source de Montarcher est puis\u00e9e \u00e0 1100 m\u00e8tres d&#039;altitude, dans les Montagnes du Haut-Forez . Disponible chez Waterhop.\" \/>\n<meta property=\"og:url\" content=\"https:\/\/watershop.fr\/en\/produit\/montarcher-la-source-eau-plate-pure-naturelle-bouteille-verre\/\" \/>\n<meta property=\"og:site_name\" content=\"watershop\" \/>\n<meta property=\"article:modified_time\" content=\"2025-12-17T20:39:28+00:00\" \/>\n<meta property=\"og:image\" content=\"https:\/\/watershop.fr\/wp-content\/uploads\/2022\/12\/CHA6158-Modifier_ChambonVincent_2023_1920Print-80.jpg\" \/>\n\t<meta property=\"og:image:width\" content=\"1200\" \/>\n\t<meta property=\"og:image:height\" content=\"1200\" \/>\n\t<meta property=\"og:image:type\" content=\"image\/jpeg\" \/>\n<meta name=\"twitter:card\" content=\"summary_large_image\" \/>\n<meta name=\"twitter:label1\" content=\"Est. reading time\" \/>\n\t<meta name=\"twitter:data1\" content=\"1 minute\" \/>\n<script type=\"application\/ld+json\" class=\"yoast-schema-graph\">{\"@context\":\"https:\/\/schema.org\",\"@graph\":[{\"@type\":\"WebPage\",\"@id\":\"https:\/\/watershop.fr\/en\/produit\/montarcher-la-source-eau-plate-pure-naturelle-bouteille-verre\/\",\"url\":\"https:\/\/watershop.fr\/en\/produit\/montarcher-la-source-eau-plate-pure-naturelle-bouteille-verre\/\",\"name\":\"Montarcher la Source eau plate et gazeuse naturelle - Watershop\",\"isPartOf\":{\"@id\":\"https:\/\/watershop.fr\/en\/#website\"},\"primaryImageOfPage\":{\"@id\":\"https:\/\/watershop.fr\/en\/produit\/montarcher-la-source-eau-plate-pure-naturelle-bouteille-verre\/#primaryimage\"},\"image\":{\"@id\":\"https:\/\/watershop.fr\/en\/produit\/montarcher-la-source-eau-plate-pure-naturelle-bouteille-verre\/#primaryimage\"},\"thumbnailUrl\":\"https:\/\/watershop.fr\/wp-content\/uploads\/2022\/12\/CHA6158-Modifier_ChambonVincent_2023_1920Print-80.jpg\",\"datePublished\":\"2024-09-07T09:33:43+00:00\",\"dateModified\":\"2025-12-17T20:39:28+00:00\",\"description\":\"C'est dans cet environnement exceptionnel que l'eau de source de Montarcher est puis\u00e9e \u00e0 1100 m\u00e8tres d'altitude, dans les Montagnes du Haut-Forez . Disponible chez Waterhop.\",\"breadcrumb\":{\"@id\":\"https:\/\/watershop.fr\/en\/produit\/montarcher-la-source-eau-plate-pure-naturelle-bouteille-verre\/#breadcrumb\"},\"inLanguage\":\"en-US\",\"potentialAction\":[{\"@type\":\"ReadAction\",\"target\":[\"https:\/\/watershop.fr\/en\/produit\/montarcher-la-source-eau-plate-pure-naturelle-bouteille-verre\/\"]}]},{\"@type\":\"ImageObject\",\"inLanguage\":\"en-US\",\"@id\":\"https:\/\/watershop.fr\/en\/produit\/montarcher-la-source-eau-plate-pure-naturelle-bouteille-verre\/#primaryimage\",\"url\":\"https:\/\/watershop.fr\/wp-content\/uploads\/2022\/12\/CHA6158-Modifier_ChambonVincent_2023_1920Print-80.jpg\",\"contentUrl\":\"https:\/\/watershop.fr\/wp-content\/uploads\/2022\/12\/CHA6158-Modifier_ChambonVincent_2023_1920Print-80.jpg\",\"width\":1200,\"height\":1200},{\"@type\":\"BreadcrumbList\",\"@id\":\"https:\/\/watershop.fr\/en\/produit\/montarcher-la-source-eau-plate-pure-naturelle-bouteille-verre\/#breadcrumb\",\"itemListElement\":[{\"@type\":\"ListItem\",\"position\":1,\"name\":\"Notre boutique\",\"item\":\"https:\/\/watershop.fr\/boutique\/\"},{\"@type\":\"ListItem\",\"position\":2,\"name\":\"Montarcher La Source\"}]},{\"@type\":\"WebSite\",\"@id\":\"https:\/\/watershop.fr\/en\/#website\",\"url\":\"https:\/\/watershop.fr\/en\/\",\"name\":\"watershop\",\"description\":\"\",\"publisher\":{\"@id\":\"https:\/\/watershop.fr\/en\/#organization\"},\"potentialAction\":[{\"@type\":\"SearchAction\",\"target\":{\"@type\":\"EntryPoint\",\"urlTemplate\":\"https:\/\/watershop.fr\/en\/?s={search_term_string}\"},\"query-input\":{\"@type\":\"PropertyValueSpecification\",\"valueRequired\":true,\"valueName\":\"search_term_string\"}}],\"inLanguage\":\"en-US\"},{\"@type\":\"Organization\",\"@id\":\"https:\/\/watershop.fr\/en\/#organization\",\"name\":\"watershop\",\"url\":\"https:\/\/watershop.fr\/en\/\",\"logo\":{\"@type\":\"ImageObject\",\"inLanguage\":\"en-US\",\"@id\":\"https:\/\/watershop.fr\/en\/#\/schema\/logo\/image\/\",\"url\":\"https:\/\/watershop.fr\/wp-content\/uploads\/2023\/06\/Logo-Watershop-bleu.png\",\"contentUrl\":\"https:\/\/watershop.fr\/wp-content\/uploads\/2023\/06\/Logo-Watershop-bleu.png\",\"width\":3508,\"height\":1181,\"caption\":\"watershop\"},\"image\":{\"@id\":\"https:\/\/watershop.fr\/en\/#\/schema\/logo\/image\/\"}}]}<\/script>\n<!-- \/ Yoast SEO plugin. -->","yoast_head_json":{"title":"Montarcher la Source eau plate et gazeuse naturelle - Watershop","description":"C'est dans cet environnement exceptionnel que l'eau de source de Montarcher est puis\u00e9e \u00e0 1100 m\u00e8tres d'altitude, dans les Montagnes du Haut-Forez . Disponible chez Waterhop.","robots":{"index":"index","follow":"follow","max-snippet":"max-snippet:-1","max-image-preview":"max-image-preview:large","max-video-preview":"max-video-preview:-1"},"canonical":"https:\/\/watershop.fr\/en\/produit\/montarcher-la-source-eau-plate-pure-naturelle-bouteille-verre\/","og_locale":"en_US","og_type":"article","og_title":"Montarcher la Source eau plate et gazeuse naturelle - Watershop","og_description":"C'est dans cet environnement exceptionnel que l'eau de source de Montarcher est puis\u00e9e \u00e0 1100 m\u00e8tres d'altitude, dans les Montagnes du Haut-Forez . Disponible chez Waterhop.","og_url":"https:\/\/watershop.fr\/en\/produit\/montarcher-la-source-eau-plate-pure-naturelle-bouteille-verre\/","og_site_name":"watershop","article_modified_time":"2025-12-17T20:39:28+00:00","og_image":[{"width":1200,"height":1200,"url":"https:\/\/watershop.fr\/wp-content\/uploads\/2022\/12\/CHA6158-Modifier_ChambonVincent_2023_1920Print-80.jpg","type":"image\/jpeg"}],"twitter_card":"summary_large_image","twitter_misc":{"Est. reading time":"1 minute"},"schema":{"@context":"https:\/\/schema.org","@graph":[{"@type":"WebPage","@id":"https:\/\/watershop.fr\/en\/produit\/montarcher-la-source-eau-plate-pure-naturelle-bouteille-verre\/","url":"https:\/\/watershop.fr\/en\/produit\/montarcher-la-source-eau-plate-pure-naturelle-bouteille-verre\/","name":"Montarcher la Source eau plate et gazeuse naturelle - Watershop","isPartOf":{"@id":"https:\/\/watershop.fr\/en\/#website"},"primaryImageOfPage":{"@id":"https:\/\/watershop.fr\/en\/produit\/montarcher-la-source-eau-plate-pure-naturelle-bouteille-verre\/#primaryimage"},"image":{"@id":"https:\/\/watershop.fr\/en\/produit\/montarcher-la-source-eau-plate-pure-naturelle-bouteille-verre\/#primaryimage"},"thumbnailUrl":"https:\/\/watershop.fr\/wp-content\/uploads\/2022\/12\/CHA6158-Modifier_ChambonVincent_2023_1920Print-80.jpg","datePublished":"2024-09-07T09:33:43+00:00","dateModified":"2025-12-17T20:39:28+00:00","description":"C'est dans cet environnement exceptionnel que l'eau de source de Montarcher est puis\u00e9e \u00e0 1100 m\u00e8tres d'altitude, dans les Montagnes du Haut-Forez . Disponible chez Waterhop.","breadcrumb":{"@id":"https:\/\/watershop.fr\/en\/produit\/montarcher-la-source-eau-plate-pure-naturelle-bouteille-verre\/#breadcrumb"},"inLanguage":"en-US","potentialAction":[{"@type":"ReadAction","target":["https:\/\/watershop.fr\/en\/produit\/montarcher-la-source-eau-plate-pure-naturelle-bouteille-verre\/"]}]},{"@type":"ImageObject","inLanguage":"en-US","@id":"https:\/\/watershop.fr\/en\/produit\/montarcher-la-source-eau-plate-pure-naturelle-bouteille-verre\/#primaryimage","url":"https:\/\/watershop.fr\/wp-content\/uploads\/2022\/12\/CHA6158-Modifier_ChambonVincent_2023_1920Print-80.jpg","contentUrl":"https:\/\/watershop.fr\/wp-content\/uploads\/2022\/12\/CHA6158-Modifier_ChambonVincent_2023_1920Print-80.jpg","width":1200,"height":1200},{"@type":"BreadcrumbList","@id":"https:\/\/watershop.fr\/en\/produit\/montarcher-la-source-eau-plate-pure-naturelle-bouteille-verre\/#breadcrumb","itemListElement":[{"@type":"ListItem","position":1,"name":"Notre boutique","item":"https:\/\/watershop.fr\/boutique\/"},{"@type":"ListItem","position":2,"name":"Montarcher La Source"}]},{"@type":"WebSite","@id":"https:\/\/watershop.fr\/en\/#website","url":"https:\/\/watershop.fr\/en\/","name":"watershop","description":"","publisher":{"@id":"https:\/\/watershop.fr\/en\/#organization"},"potentialAction":[{"@type":"SearchAction","target":{"@type":"EntryPoint","urlTemplate":"https:\/\/watershop.fr\/en\/?s={search_term_string}"},"query-input":{"@type":"PropertyValueSpecification","valueRequired":true,"valueName":"search_term_string"}}],"inLanguage":"en-US"},{"@type":"Organization","@id":"https:\/\/watershop.fr\/en\/#organization","name":"watershop","url":"https:\/\/watershop.fr\/en\/","logo":{"@type":"ImageObject","inLanguage":"en-US","@id":"https:\/\/watershop.fr\/en\/#\/schema\/logo\/image\/","url":"https:\/\/watershop.fr\/wp-content\/uploads\/2023\/06\/Logo-Watershop-bleu.png","contentUrl":"https:\/\/watershop.fr\/wp-content\/uploads\/2023\/06\/Logo-Watershop-bleu.png","width":3508,"height":1181,"caption":"watershop"},"image":{"@id":"https:\/\/watershop.fr\/en\/#\/schema\/logo\/image\/"}}]}},"_links":{"self":[{"href":"https:\/\/watershop.fr\/en\/wp-json\/wp\/v2\/product\/5981","targetHints":{"allow":["GET"]}}],"collection":[{"href":"https:\/\/watershop.fr\/en\/wp-json\/wp\/v2\/product"}],"about":[{"href":"https:\/\/watershop.fr\/en\/wp-json\/wp\/v2\/types\/product"}],"wp:featuredmedia":[{"embeddable":true,"href":"https:\/\/watershop.fr\/en\/wp-json\/wp\/v2\/media\/7446"}],"wp:attachment":[{"href":"https:\/\/watershop.fr\/en\/wp-json\/wp\/v2\/media?parent=5981"}],"wp:term":[{"taxonomy":"product_brand","embeddable":true,"href":"https:\/\/watershop.fr\/en\/wp-json\/wp\/v2\/product_brand?post=5981"},{"taxonomy":"product_cat","embeddable":true,"href":"https:\/\/watershop.fr\/en\/wp-json\/wp\/v2\/product_cat?post=5981"},{"taxonomy":"product_tag","embeddable":true,"href":"https:\/\/watershop.fr\/en\/wp-json\/wp\/v2\/product_tag?post=5981"},{"taxonomy":"berocket_brand","embeddable":true,"href":"https:\/\/watershop.fr\/en\/wp-json\/wp\/v2\/berocket_brand?post=5981"}],"curies":[{"name":"wp","href":"https:\/\/api.w.org\/{rel}","templated":true}]}}