{"id":10336,"date":"2024-08-16T17:10:51","date_gmt":"2024-08-16T17:10:51","guid":{"rendered":"https:\/\/watershop1.nprod.fr\/?post_type=product&#038;p=10336"},"modified":"2025-12-17T20:49:45","modified_gmt":"2025-12-17T20:49:45","slug":"charitea-lemonaid","status":"publish","type":"product","link":"https:\/\/watershop.fr\/en\/produit\/charitea-lemonaid\/","title":{"rendered":"Charitea"},"content":{"rendered":"","protected":false},"excerpt":{"rendered":"<div class=\"elementor-element elementor-element-bc0e5b4 desc-court elementor-widget elementor-widget-text-editor\" data-id=\"bc0e5b4\" data-element_type=\"widget\" data-widget_type=\"text-editor.default\">\n<h3 class=\"kitify-post-title \">Charitea Lemonaid<\/h3>\n<ul>\n<li>33cl x 12 bouteilles par carton<\/li>\n<li>144 cartons par palette<\/li>\n<li>33 palettes par conteneur<\/li>\n<\/ul>\n<\/div>\n","protected":false},"featured_media":10528,"template":"","meta":{"_acf_changed":false},"product_brand":[],"product_cat":[41],"product_tag":[283,207,282,145],"berocket_brand":[332],"class_list":{"0":"post-10336","1":"product","2":"type-product","3":"status-publish","4":"has-post-thumbnail","6":"product_cat-boissons-softs","7":"product_tag-100-naturel","8":"product_tag-bio","9":"product_tag-boisson-aromatisee","10":"product_tag-the","11":"berocket_brand-charitea-lemonaid","13":"first","14":"instock","15":"featured","16":"taxable","17":"shipping-taxable","18":"purchasable","19":"product-type-variable","20":"has-default-attributes"},"acf":[],"yoast_head":"<!-- This site is optimized with the Yoast SEO plugin v27.1.1 - https:\/\/yoast.com\/product\/yoast-seo-wordpress\/ -->\n<title>Charitea<\/title>\n<meta name=\"description\" content=\"Charitea boisson \u00e9thique et Bio: th\u00e9s fra\u00eechement press\u00e9s cultiv\u00e9s par de petites coop\u00e9ratives agricoles en culture biologique, 100% purs jus de fruits sans aucuns ajouts artificiels ni \u00e9dulcorants ni conservateurs ou ar\u00f4mes artificiels\" \/>\n<meta name=\"robots\" content=\"index, follow, max-snippet:-1, max-image-preview:large, max-video-preview:-1\" \/>\n<link rel=\"canonical\" href=\"https:\/\/watershop.fr\/en\/produit\/charitea-lemonaid\/\" \/>\n<meta property=\"og:locale\" content=\"en_US\" \/>\n<meta property=\"og:type\" content=\"article\" \/>\n<meta property=\"og:title\" content=\"Charitea\" \/>\n<meta property=\"og:description\" content=\"Charitea boisson \u00e9thique et Bio: th\u00e9s fra\u00eechement press\u00e9s cultiv\u00e9s par de petites coop\u00e9ratives agricoles en culture biologique, 100% purs jus de fruits sans aucuns ajouts artificiels ni \u00e9dulcorants ni conservateurs ou ar\u00f4mes artificiels\" \/>\n<meta property=\"og:url\" content=\"https:\/\/watershop.fr\/en\/produit\/charitea-lemonaid\/\" \/>\n<meta property=\"og:site_name\" content=\"watershop\" \/>\n<meta property=\"article:modified_time\" content=\"2025-12-17T20:49:45+00:00\" \/>\n<meta property=\"og:image\" content=\"https:\/\/watershop.fr\/wp-content\/uploads\/2024\/09\/charitea-mate.jpg\" \/>\n\t<meta property=\"og:image:width\" content=\"1000\" \/>\n\t<meta property=\"og:image:height\" content=\"1000\" \/>\n\t<meta property=\"og:image:type\" content=\"image\/jpeg\" \/>\n<meta name=\"twitter:card\" content=\"summary_large_image\" \/>\n<meta name=\"twitter:label1\" content=\"Est. reading time\" \/>\n\t<meta name=\"twitter:data1\" content=\"1 minute\" \/>\n<script type=\"application\/ld+json\" class=\"yoast-schema-graph\">{\"@context\":\"https:\/\/schema.org\",\"@graph\":[{\"@type\":\"WebPage\",\"@id\":\"https:\/\/watershop.fr\/en\/produit\/charitea-lemonaid\/\",\"url\":\"https:\/\/watershop.fr\/en\/produit\/charitea-lemonaid\/\",\"name\":\"Charitea\",\"isPartOf\":{\"@id\":\"https:\/\/watershop.fr\/en\/#website\"},\"primaryImageOfPage\":{\"@id\":\"https:\/\/watershop.fr\/en\/produit\/charitea-lemonaid\/#primaryimage\"},\"image\":{\"@id\":\"https:\/\/watershop.fr\/en\/produit\/charitea-lemonaid\/#primaryimage\"},\"thumbnailUrl\":\"https:\/\/watershop.fr\/wp-content\/uploads\/2024\/09\/charitea-mate.jpg\",\"datePublished\":\"2024-08-16T17:10:51+00:00\",\"dateModified\":\"2025-12-17T20:49:45+00:00\",\"description\":\"Charitea boisson \u00e9thique et Bio: th\u00e9s fra\u00eechement press\u00e9s cultiv\u00e9s par de petites coop\u00e9ratives agricoles en culture biologique, 100% purs jus de fruits sans aucuns ajouts artificiels ni \u00e9dulcorants ni conservateurs ou ar\u00f4mes artificiels\",\"breadcrumb\":{\"@id\":\"https:\/\/watershop.fr\/en\/produit\/charitea-lemonaid\/#breadcrumb\"},\"inLanguage\":\"en-US\",\"potentialAction\":[{\"@type\":\"ReadAction\",\"target\":[\"https:\/\/watershop.fr\/en\/produit\/charitea-lemonaid\/\"]}]},{\"@type\":\"ImageObject\",\"inLanguage\":\"en-US\",\"@id\":\"https:\/\/watershop.fr\/en\/produit\/charitea-lemonaid\/#primaryimage\",\"url\":\"https:\/\/watershop.fr\/wp-content\/uploads\/2024\/09\/charitea-mate.jpg\",\"contentUrl\":\"https:\/\/watershop.fr\/wp-content\/uploads\/2024\/09\/charitea-mate.jpg\",\"width\":1000,\"height\":1000},{\"@type\":\"BreadcrumbList\",\"@id\":\"https:\/\/watershop.fr\/en\/produit\/charitea-lemonaid\/#breadcrumb\",\"itemListElement\":[{\"@type\":\"ListItem\",\"position\":1,\"name\":\"Notre boutique\",\"item\":\"https:\/\/watershop.fr\/boutique\/\"},{\"@type\":\"ListItem\",\"position\":2,\"name\":\"Charitea\"}]},{\"@type\":\"WebSite\",\"@id\":\"https:\/\/watershop.fr\/en\/#website\",\"url\":\"https:\/\/watershop.fr\/en\/\",\"name\":\"watershop\",\"description\":\"\",\"publisher\":{\"@id\":\"https:\/\/watershop.fr\/en\/#organization\"},\"potentialAction\":[{\"@type\":\"SearchAction\",\"target\":{\"@type\":\"EntryPoint\",\"urlTemplate\":\"https:\/\/watershop.fr\/en\/?s={search_term_string}\"},\"query-input\":{\"@type\":\"PropertyValueSpecification\",\"valueRequired\":true,\"valueName\":\"search_term_string\"}}],\"inLanguage\":\"en-US\"},{\"@type\":\"Organization\",\"@id\":\"https:\/\/watershop.fr\/en\/#organization\",\"name\":\"watershop\",\"url\":\"https:\/\/watershop.fr\/en\/\",\"logo\":{\"@type\":\"ImageObject\",\"inLanguage\":\"en-US\",\"@id\":\"https:\/\/watershop.fr\/en\/#\/schema\/logo\/image\/\",\"url\":\"https:\/\/watershop.fr\/wp-content\/uploads\/2023\/06\/Logo-Watershop-bleu.png\",\"contentUrl\":\"https:\/\/watershop.fr\/wp-content\/uploads\/2023\/06\/Logo-Watershop-bleu.png\",\"width\":3508,\"height\":1181,\"caption\":\"watershop\"},\"image\":{\"@id\":\"https:\/\/watershop.fr\/en\/#\/schema\/logo\/image\/\"}}]}<\/script>\n<!-- \/ Yoast SEO plugin. -->","yoast_head_json":{"title":"Charitea","description":"Charitea boisson \u00e9thique et Bio: th\u00e9s fra\u00eechement press\u00e9s cultiv\u00e9s par de petites coop\u00e9ratives agricoles en culture biologique, 100% purs jus de fruits sans aucuns ajouts artificiels ni \u00e9dulcorants ni conservateurs ou ar\u00f4mes artificiels","robots":{"index":"index","follow":"follow","max-snippet":"max-snippet:-1","max-image-preview":"max-image-preview:large","max-video-preview":"max-video-preview:-1"},"canonical":"https:\/\/watershop.fr\/en\/produit\/charitea-lemonaid\/","og_locale":"en_US","og_type":"article","og_title":"Charitea","og_description":"Charitea boisson \u00e9thique et Bio: th\u00e9s fra\u00eechement press\u00e9s cultiv\u00e9s par de petites coop\u00e9ratives agricoles en culture biologique, 100% purs jus de fruits sans aucuns ajouts artificiels ni \u00e9dulcorants ni conservateurs ou ar\u00f4mes artificiels","og_url":"https:\/\/watershop.fr\/en\/produit\/charitea-lemonaid\/","og_site_name":"watershop","article_modified_time":"2025-12-17T20:49:45+00:00","og_image":[{"width":1000,"height":1000,"url":"https:\/\/watershop.fr\/wp-content\/uploads\/2024\/09\/charitea-mate.jpg","type":"image\/jpeg"}],"twitter_card":"summary_large_image","twitter_misc":{"Est. reading time":"1 minute"},"schema":{"@context":"https:\/\/schema.org","@graph":[{"@type":"WebPage","@id":"https:\/\/watershop.fr\/en\/produit\/charitea-lemonaid\/","url":"https:\/\/watershop.fr\/en\/produit\/charitea-lemonaid\/","name":"Charitea","isPartOf":{"@id":"https:\/\/watershop.fr\/en\/#website"},"primaryImageOfPage":{"@id":"https:\/\/watershop.fr\/en\/produit\/charitea-lemonaid\/#primaryimage"},"image":{"@id":"https:\/\/watershop.fr\/en\/produit\/charitea-lemonaid\/#primaryimage"},"thumbnailUrl":"https:\/\/watershop.fr\/wp-content\/uploads\/2024\/09\/charitea-mate.jpg","datePublished":"2024-08-16T17:10:51+00:00","dateModified":"2025-12-17T20:49:45+00:00","description":"Charitea boisson \u00e9thique et Bio: th\u00e9s fra\u00eechement press\u00e9s cultiv\u00e9s par de petites coop\u00e9ratives agricoles en culture biologique, 100% purs jus de fruits sans aucuns ajouts artificiels ni \u00e9dulcorants ni conservateurs ou ar\u00f4mes artificiels","breadcrumb":{"@id":"https:\/\/watershop.fr\/en\/produit\/charitea-lemonaid\/#breadcrumb"},"inLanguage":"en-US","potentialAction":[{"@type":"ReadAction","target":["https:\/\/watershop.fr\/en\/produit\/charitea-lemonaid\/"]}]},{"@type":"ImageObject","inLanguage":"en-US","@id":"https:\/\/watershop.fr\/en\/produit\/charitea-lemonaid\/#primaryimage","url":"https:\/\/watershop.fr\/wp-content\/uploads\/2024\/09\/charitea-mate.jpg","contentUrl":"https:\/\/watershop.fr\/wp-content\/uploads\/2024\/09\/charitea-mate.jpg","width":1000,"height":1000},{"@type":"BreadcrumbList","@id":"https:\/\/watershop.fr\/en\/produit\/charitea-lemonaid\/#breadcrumb","itemListElement":[{"@type":"ListItem","position":1,"name":"Notre boutique","item":"https:\/\/watershop.fr\/boutique\/"},{"@type":"ListItem","position":2,"name":"Charitea"}]},{"@type":"WebSite","@id":"https:\/\/watershop.fr\/en\/#website","url":"https:\/\/watershop.fr\/en\/","name":"watershop","description":"","publisher":{"@id":"https:\/\/watershop.fr\/en\/#organization"},"potentialAction":[{"@type":"SearchAction","target":{"@type":"EntryPoint","urlTemplate":"https:\/\/watershop.fr\/en\/?s={search_term_string}"},"query-input":{"@type":"PropertyValueSpecification","valueRequired":true,"valueName":"search_term_string"}}],"inLanguage":"en-US"},{"@type":"Organization","@id":"https:\/\/watershop.fr\/en\/#organization","name":"watershop","url":"https:\/\/watershop.fr\/en\/","logo":{"@type":"ImageObject","inLanguage":"en-US","@id":"https:\/\/watershop.fr\/en\/#\/schema\/logo\/image\/","url":"https:\/\/watershop.fr\/wp-content\/uploads\/2023\/06\/Logo-Watershop-bleu.png","contentUrl":"https:\/\/watershop.fr\/wp-content\/uploads\/2023\/06\/Logo-Watershop-bleu.png","width":3508,"height":1181,"caption":"watershop"},"image":{"@id":"https:\/\/watershop.fr\/en\/#\/schema\/logo\/image\/"}}]}},"_links":{"self":[{"href":"https:\/\/watershop.fr\/en\/wp-json\/wp\/v2\/product\/10336","targetHints":{"allow":["GET"]}}],"collection":[{"href":"https:\/\/watershop.fr\/en\/wp-json\/wp\/v2\/product"}],"about":[{"href":"https:\/\/watershop.fr\/en\/wp-json\/wp\/v2\/types\/product"}],"wp:featuredmedia":[{"embeddable":true,"href":"https:\/\/watershop.fr\/en\/wp-json\/wp\/v2\/media\/10528"}],"wp:attachment":[{"href":"https:\/\/watershop.fr\/en\/wp-json\/wp\/v2\/media?parent=10336"}],"wp:term":[{"taxonomy":"product_brand","embeddable":true,"href":"https:\/\/watershop.fr\/en\/wp-json\/wp\/v2\/product_brand?post=10336"},{"taxonomy":"product_cat","embeddable":true,"href":"https:\/\/watershop.fr\/en\/wp-json\/wp\/v2\/product_cat?post=10336"},{"taxonomy":"product_tag","embeddable":true,"href":"https:\/\/watershop.fr\/en\/wp-json\/wp\/v2\/product_tag?post=10336"},{"taxonomy":"berocket_brand","embeddable":true,"href":"https:\/\/watershop.fr\/en\/wp-json\/wp\/v2\/berocket_brand?post=10336"}],"curies":[{"name":"wp","href":"https:\/\/api.w.org\/{rel}","templated":true}]}}